{"id":614,"date":"2020-11-09T07:53:38","date_gmt":"2020-11-09T07:53:38","guid":{"rendered":"http:\/\/villaclementina.mx\/index.php\/accommodations\/"},"modified":"2020-11-09T07:53:38","modified_gmt":"2020-11-09T07:53:38","slug":"accommodations","status":"publish","type":"page","link":"https:\/\/villaclementina.mx\/index.php\/accommodations\/","title":{"rendered":"Accommodations"},"content":{"rendered":"<div class=\"mphb_sc_rooms-wrapper mphb-room-types \">\n<div class=\"mphb-room-type post-622 mphb_room_type type-mphb_room_type status-publish has-post-thumbnail mphb_room_type_facility-agua-termal mphb_room_type_facility-aire-acondicionado mphb_room_type_facility-alberca mphb_room_type_facility-asador mphb_room_type_facility-cocina mphb_room_type_facility-estacionamiento mphb_room_type_facility-juegos mphb_room_type_facility-plancha mphb_room_type_facility-wifi mphb-room-type-adults-24 mphb-room-type-children-0 \">\n\n\t\n\t\n\n\t<div class=\"mphb-room-type-images\">\n\t<div id='mphb-flexslider-gallery-1' class='gallery-columns-1 gallery-size-large mphb-gallery-main-slider mphb-flexslider-gallery-wrapper mphb-room-type-gallery-wrapper mphb-gallery-main-slider-69dce7a97b2e3' data-flexslider-atts='{\"animation\":\"slide\",\"controlNav\":false,\"animationLoop\":true,\"smoothHeight\":true,\"slideshow\":false}' data-group='69dce7a97b2e3'><ul class=\"slides\"><li class='gallery-item'><span class='gallery-icon landscape'>\n\t\t\t\t<a href=\"https:\/\/villaclementina.mx\/index.php\/accommodation\/casa-entera\/\"><img fetchpriority=\"high\" decoding=\"async\" width=\"1024\" height=\"577\" src=\"https:\/\/villaclementina.mx\/wp-content\/uploads\/2020\/07\/IMG-20190211-WA0015-1024x577.jpg\" class=\"attachment-large size-large\" alt=\"\" srcset=\"https:\/\/villaclementina.mx\/wp-content\/uploads\/2020\/07\/IMG-20190211-WA0015-1024x577.jpg 1024w, https:\/\/villaclementina.mx\/wp-content\/uploads\/2020\/07\/IMG-20190211-WA0015-300x169.jpg 300w, https:\/\/villaclementina.mx\/wp-content\/uploads\/2020\/07\/IMG-20190211-WA0015-768x433.jpg 768w, https:\/\/villaclementina.mx\/wp-content\/uploads\/2020\/07\/IMG-20190211-WA0015.jpg 1280w\" sizes=\"(max-width: 1024px) 100vw, 1024px\" \/><\/a>\n\t\t\t<\/span><\/li><li class='gallery-item'><span class='gallery-icon landscape'>\n\t\t\t\t<a href=\"https:\/\/villaclementina.mx\/index.php\/accommodation\/casa-entera\/\"><img decoding=\"async\" width=\"604\" height=\"453\" src=\"https:\/\/villaclementina.mx\/wp-content\/uploads\/2020\/07\/2949_1133663134443_5117154_n.jpg\" class=\"attachment-large size-large\" alt=\"\" srcset=\"https:\/\/villaclementina.mx\/wp-content\/uploads\/2020\/07\/2949_1133663134443_5117154_n.jpg 604w, https:\/\/villaclementina.mx\/wp-content\/uploads\/2020\/07\/2949_1133663134443_5117154_n-300x225.jpg 300w\" sizes=\"(max-width: 604px) 100vw, 604px\" \/><\/a>\n\t\t\t<\/span><\/li><li class='gallery-item'><span class='gallery-icon landscape'>\n\t\t\t\t<a href=\"https:\/\/villaclementina.mx\/index.php\/accommodation\/casa-entera\/\"><img decoding=\"async\" width=\"604\" height=\"453\" src=\"https:\/\/villaclementina.mx\/wp-content\/uploads\/2020\/07\/2949_1133663294447_7524323_n.jpg\" class=\"attachment-large size-large\" alt=\"\" srcset=\"https:\/\/villaclementina.mx\/wp-content\/uploads\/2020\/07\/2949_1133663294447_7524323_n.jpg 604w, https:\/\/villaclementina.mx\/wp-content\/uploads\/2020\/07\/2949_1133663294447_7524323_n-300x225.jpg 300w\" sizes=\"(max-width: 604px) 100vw, 604px\" \/><\/a>\n\t\t\t<\/span><\/li><li class='gallery-item'><span class='gallery-icon landscape'>\n\t\t\t\t<a href=\"https:\/\/villaclementina.mx\/index.php\/accommodation\/casa-entera\/\"><img loading=\"lazy\" decoding=\"async\" width=\"604\" height=\"453\" src=\"https:\/\/villaclementina.mx\/wp-content\/uploads\/2020\/07\/2949_1133663254446_1532530_n.jpg\" class=\"attachment-large size-large\" alt=\"\" srcset=\"https:\/\/villaclementina.mx\/wp-content\/uploads\/2020\/07\/2949_1133663254446_1532530_n.jpg 604w, https:\/\/villaclementina.mx\/wp-content\/uploads\/2020\/07\/2949_1133663254446_1532530_n-300x225.jpg 300w\" sizes=\"(max-width: 604px) 100vw, 604px\" \/><\/a>\n\t\t\t<\/span><\/li><li class='gallery-item'><span class='gallery-icon landscape'>\n\t\t\t\t<a href=\"https:\/\/villaclementina.mx\/index.php\/accommodation\/casa-entera\/\"><img loading=\"lazy\" decoding=\"async\" width=\"604\" height=\"453\" src=\"https:\/\/villaclementina.mx\/wp-content\/uploads\/2020\/07\/2949_1133663214445_751836_n.jpg\" class=\"attachment-large size-large\" alt=\"\" srcset=\"https:\/\/villaclementina.mx\/wp-content\/uploads\/2020\/07\/2949_1133663214445_751836_n.jpg 604w, https:\/\/villaclementina.mx\/wp-content\/uploads\/2020\/07\/2949_1133663214445_751836_n-300x225.jpg 300w\" sizes=\"(max-width: 604px) 100vw, 604px\" \/><\/a>\n\t\t\t<\/span><\/li><li class='gallery-item'><span class='gallery-icon portrait'>\n\t\t\t\t<a href=\"https:\/\/villaclementina.mx\/index.php\/accommodation\/casa-entera\/\"><img loading=\"lazy\" decoding=\"async\" width=\"768\" height=\"1024\" src=\"https:\/\/villaclementina.mx\/wp-content\/uploads\/2020\/07\/IMG-20200629-WA0004-768x1024.jpg\" class=\"attachment-large size-large\" alt=\"\" srcset=\"https:\/\/villaclementina.mx\/wp-content\/uploads\/2020\/07\/IMG-20200629-WA0004-768x1024.jpg 768w, https:\/\/villaclementina.mx\/wp-content\/uploads\/2020\/07\/IMG-20200629-WA0004-225x300.jpg 225w, https:\/\/villaclementina.mx\/wp-content\/uploads\/2020\/07\/IMG-20200629-WA0004.jpg 780w\" sizes=\"(max-width: 768px) 100vw, 768px\" \/><\/a>\n\t\t\t<\/span><\/li><li class='gallery-item'><span class='gallery-icon portrait'>\n\t\t\t\t<a href=\"https:\/\/villaclementina.mx\/index.php\/accommodation\/casa-entera\/\"><img loading=\"lazy\" decoding=\"async\" width=\"768\" height=\"1024\" src=\"https:\/\/villaclementina.mx\/wp-content\/uploads\/2020\/07\/IMG-20200629-WA0003-768x1024.jpg\" class=\"attachment-large size-large\" alt=\"\" srcset=\"https:\/\/villaclementina.mx\/wp-content\/uploads\/2020\/07\/IMG-20200629-WA0003-768x1024.jpg 768w, https:\/\/villaclementina.mx\/wp-content\/uploads\/2020\/07\/IMG-20200629-WA0003-225x300.jpg 225w, https:\/\/villaclementina.mx\/wp-content\/uploads\/2020\/07\/IMG-20200629-WA0003.jpg 780w\" sizes=\"(max-width: 768px) 100vw, 768px\" \/><\/a>\n\t\t\t<\/span><\/li><li class='gallery-item'><span class='gallery-icon landscape'>\n\t\t\t\t<a href=\"https:\/\/villaclementina.mx\/index.php\/accommodation\/casa-entera\/\"><img loading=\"lazy\" decoding=\"async\" width=\"1024\" height=\"768\" src=\"https:\/\/villaclementina.mx\/wp-content\/uploads\/2020\/07\/IMG-20200629-WA0005-1024x768.jpg\" class=\"attachment-large size-large\" alt=\"\" srcset=\"https:\/\/villaclementina.mx\/wp-content\/uploads\/2020\/07\/IMG-20200629-WA0005-1024x768.jpg 1024w, https:\/\/villaclementina.mx\/wp-content\/uploads\/2020\/07\/IMG-20200629-WA0005-300x225.jpg 300w, https:\/\/villaclementina.mx\/wp-content\/uploads\/2020\/07\/IMG-20200629-WA0005-768x576.jpg 768w, https:\/\/villaclementina.mx\/wp-content\/uploads\/2020\/07\/IMG-20200629-WA0005.jpg 1040w\" sizes=\"(max-width: 1024px) 100vw, 1024px\" \/><\/a>\n\t\t\t<\/span><\/li><li class='gallery-item'><span class='gallery-icon portrait'>\n\t\t\t\t<a href=\"https:\/\/villaclementina.mx\/index.php\/accommodation\/casa-entera\/\"><img loading=\"lazy\" decoding=\"async\" width=\"577\" height=\"1024\" src=\"https:\/\/villaclementina.mx\/wp-content\/uploads\/2020\/07\/IMG-20190211-WA0027-1-577x1024.jpg\" class=\"attachment-large size-large\" alt=\"\" srcset=\"https:\/\/villaclementina.mx\/wp-content\/uploads\/2020\/07\/IMG-20190211-WA0027-1-577x1024.jpg 577w, https:\/\/villaclementina.mx\/wp-content\/uploads\/2020\/07\/IMG-20190211-WA0027-1-169x300.jpg 169w, https:\/\/villaclementina.mx\/wp-content\/uploads\/2020\/07\/IMG-20190211-WA0027-1.jpg 721w\" sizes=\"(max-width: 577px) 100vw, 577px\" \/><\/a>\n\t\t\t<\/span><\/li><li class='gallery-item'><span class='gallery-icon portrait'>\n\t\t\t\t<a href=\"https:\/\/villaclementina.mx\/index.php\/accommodation\/casa-entera\/\"><img loading=\"lazy\" decoding=\"async\" width=\"577\" height=\"1024\" src=\"https:\/\/villaclementina.mx\/wp-content\/uploads\/2020\/07\/IMG-20190211-WA0030-577x1024.jpg\" class=\"attachment-large size-large\" alt=\"\" srcset=\"https:\/\/villaclementina.mx\/wp-content\/uploads\/2020\/07\/IMG-20190211-WA0030-577x1024.jpg 577w, https:\/\/villaclementina.mx\/wp-content\/uploads\/2020\/07\/IMG-20190211-WA0030-169x300.jpg 169w, https:\/\/villaclementina.mx\/wp-content\/uploads\/2020\/07\/IMG-20190211-WA0030.jpg 721w\" sizes=\"(max-width: 577px) 100vw, 577px\" \/><\/a>\n\t\t\t<\/span><\/li><li class='gallery-item'><span class='gallery-icon landscape'>\n\t\t\t\t<a href=\"https:\/\/villaclementina.mx\/index.php\/accommodation\/casa-entera\/\"><img loading=\"lazy\" decoding=\"async\" width=\"1024\" height=\"768\" src=\"https:\/\/villaclementina.mx\/wp-content\/uploads\/2020\/07\/IMG-20200629-WA0001-1024x768.jpg\" class=\"attachment-large size-large\" alt=\"\" srcset=\"https:\/\/villaclementina.mx\/wp-content\/uploads\/2020\/07\/IMG-20200629-WA0001-1024x768.jpg 1024w, https:\/\/villaclementina.mx\/wp-content\/uploads\/2020\/07\/IMG-20200629-WA0001-300x225.jpg 300w, https:\/\/villaclementina.mx\/wp-content\/uploads\/2020\/07\/IMG-20200629-WA0001-768x576.jpg 768w, https:\/\/villaclementina.mx\/wp-content\/uploads\/2020\/07\/IMG-20200629-WA0001.jpg 1040w\" sizes=\"(max-width: 1024px) 100vw, 1024px\" \/><\/a>\n\t\t\t<\/span><\/li><li class='gallery-item'><span class='gallery-icon landscape'>\n\t\t\t\t<a href=\"https:\/\/villaclementina.mx\/index.php\/accommodation\/casa-entera\/\"><img loading=\"lazy\" decoding=\"async\" width=\"1024\" height=\"768\" src=\"https:\/\/villaclementina.mx\/wp-content\/uploads\/2020\/07\/IMG-20200629-WA0002-1024x768.jpg\" class=\"attachment-large size-large\" alt=\"\" srcset=\"https:\/\/villaclementina.mx\/wp-content\/uploads\/2020\/07\/IMG-20200629-WA0002-1024x768.jpg 1024w, https:\/\/villaclementina.mx\/wp-content\/uploads\/2020\/07\/IMG-20200629-WA0002-300x225.jpg 300w, https:\/\/villaclementina.mx\/wp-content\/uploads\/2020\/07\/IMG-20200629-WA0002-768x576.jpg 768w, https:\/\/villaclementina.mx\/wp-content\/uploads\/2020\/07\/IMG-20200629-WA0002.jpg 1040w\" sizes=\"(max-width: 1024px) 100vw, 1024px\" \/><\/a>\n\t\t\t<\/span><\/li><\/ul>\n\t\t<\/div>\n<div id='mphb-flexslider-gallery-2' class='gallery-columns-4 gallery-size-thumbnail mphb-gallery-thumbnail-slider mphb-flexslider-gallery-wrapper mphb-room-type-gallery-wrapper mphb-gallery-thumbnail-slider-69dce7a97b2e3' data-flexslider-atts='{\"animation\":\"slide\",\"controlNav\":false,\"animationLoop\":true,\"slideshow\":false,\"itemMargin\":5}' data-group='69dce7a97b2e3'><ul class=\"slides\"><li class='gallery-item'><span class='gallery-icon landscape'>\n\t\t\t\t<a href='https:\/\/villaclementina.mx\/index.php\/home\/img-20190211-wa0015\/'><img loading=\"lazy\" decoding=\"async\" width=\"150\" height=\"150\" src=\"https:\/\/villaclementina.mx\/wp-content\/uploads\/2020\/07\/IMG-20190211-WA0015-150x150.jpg\" class=\"attachment-thumbnail size-thumbnail\" alt=\"\" \/><\/a>\n\t\t\t<\/span><\/li><li class='gallery-item'><span class='gallery-icon landscape'>\n\t\t\t\t<a href='https:\/\/villaclementina.mx\/index.php\/home\/2949_1133663134443_5117154_n\/'><img loading=\"lazy\" decoding=\"async\" width=\"150\" height=\"150\" src=\"https:\/\/villaclementina.mx\/wp-content\/uploads\/2020\/07\/2949_1133663134443_5117154_n-150x150.jpg\" class=\"attachment-thumbnail size-thumbnail\" alt=\"\" \/><\/a>\n\t\t\t<\/span><\/li><li class='gallery-item'><span class='gallery-icon landscape'>\n\t\t\t\t<a href='https:\/\/villaclementina.mx\/index.php\/home\/2949_1133663294447_7524323_n\/'><img loading=\"lazy\" decoding=\"async\" width=\"150\" height=\"150\" src=\"https:\/\/villaclementina.mx\/wp-content\/uploads\/2020\/07\/2949_1133663294447_7524323_n-150x150.jpg\" class=\"attachment-thumbnail size-thumbnail\" alt=\"\" \/><\/a>\n\t\t\t<\/span><\/li><li class='gallery-item'><span class='gallery-icon landscape'>\n\t\t\t\t<a href='https:\/\/villaclementina.mx\/index.php\/home\/2949_1133663254446_1532530_n\/'><img loading=\"lazy\" decoding=\"async\" width=\"150\" height=\"150\" src=\"https:\/\/villaclementina.mx\/wp-content\/uploads\/2020\/07\/2949_1133663254446_1532530_n-150x150.jpg\" class=\"attachment-thumbnail size-thumbnail\" alt=\"\" \/><\/a>\n\t\t\t<\/span><\/li><li class='gallery-item'><span class='gallery-icon landscape'>\n\t\t\t\t<a href='https:\/\/villaclementina.mx\/index.php\/home\/2949_1133663214445_751836_n\/'><img loading=\"lazy\" decoding=\"async\" width=\"150\" height=\"150\" src=\"https:\/\/villaclementina.mx\/wp-content\/uploads\/2020\/07\/2949_1133663214445_751836_n-150x150.jpg\" class=\"attachment-thumbnail size-thumbnail\" alt=\"\" \/><\/a>\n\t\t\t<\/span><\/li><li class='gallery-item'><span class='gallery-icon portrait'>\n\t\t\t\t<a href='https:\/\/villaclementina.mx\/index.php\/home\/img-20200629-wa0004\/'><img loading=\"lazy\" decoding=\"async\" width=\"150\" height=\"150\" src=\"https:\/\/villaclementina.mx\/wp-content\/uploads\/2020\/07\/IMG-20200629-WA0004-150x150.jpg\" class=\"attachment-thumbnail size-thumbnail\" alt=\"\" srcset=\"https:\/\/villaclementina.mx\/wp-content\/uploads\/2020\/07\/IMG-20200629-WA0004-150x150.jpg 150w, https:\/\/villaclementina.mx\/wp-content\/uploads\/2020\/07\/elementor\/thumbs\/IMG-20200629-WA0004-osahr2979uwwbahljwu9976ubllbvf6llq32zmbuzk.jpg 400w\" sizes=\"(max-width: 150px) 100vw, 150px\" \/><\/a>\n\t\t\t<\/span><\/li><li class='gallery-item'><span class='gallery-icon portrait'>\n\t\t\t\t<a href='https:\/\/villaclementina.mx\/index.php\/home\/img-20200629-wa0003\/'><img loading=\"lazy\" decoding=\"async\" width=\"150\" height=\"150\" src=\"https:\/\/villaclementina.mx\/wp-content\/uploads\/2020\/07\/IMG-20200629-WA0003-150x150.jpg\" class=\"attachment-thumbnail size-thumbnail\" alt=\"\" srcset=\"https:\/\/villaclementina.mx\/wp-content\/uploads\/2020\/07\/IMG-20200629-WA0003-150x150.jpg 150w, https:\/\/villaclementina.mx\/wp-content\/uploads\/2020\/07\/elementor\/thumbs\/IMG-20200629-WA0003-osahr1bd30vlzoiypefmopfdq7pynq2v9lflicd95s.jpg 400w\" sizes=\"(max-width: 150px) 100vw, 150px\" \/><\/a>\n\t\t\t<\/span><\/li><li class='gallery-item'><span class='gallery-icon landscape'>\n\t\t\t\t<a href='https:\/\/villaclementina.mx\/index.php\/home\/img-20200629-wa0005\/'><img loading=\"lazy\" decoding=\"async\" width=\"150\" height=\"150\" src=\"https:\/\/villaclementina.mx\/wp-content\/uploads\/2020\/07\/IMG-20200629-WA0005-150x150.jpg\" class=\"attachment-thumbnail size-thumbnail\" alt=\"\" \/><\/a>\n\t\t\t<\/span><\/li><li class='gallery-item'><span class='gallery-icon portrait'>\n\t\t\t\t<a href='https:\/\/villaclementina.mx\/index.php\/home\/img-20190211-wa0027-2\/'><img loading=\"lazy\" decoding=\"async\" width=\"150\" height=\"150\" src=\"https:\/\/villaclementina.mx\/wp-content\/uploads\/2020\/07\/IMG-20190211-WA0027-1-150x150.jpg\" class=\"attachment-thumbnail size-thumbnail\" alt=\"\" \/><\/a>\n\t\t\t<\/span><\/li><li class='gallery-item'><span class='gallery-icon portrait'>\n\t\t\t\t<a href='https:\/\/villaclementina.mx\/index.php\/home\/img-20190211-wa0030\/'><img loading=\"lazy\" decoding=\"async\" width=\"150\" height=\"150\" src=\"https:\/\/villaclementina.mx\/wp-content\/uploads\/2020\/07\/IMG-20190211-WA0030-150x150.jpg\" class=\"attachment-thumbnail size-thumbnail\" alt=\"\" \/><\/a>\n\t\t\t<\/span><\/li><li class='gallery-item'><span class='gallery-icon landscape'>\n\t\t\t\t<a href='https:\/\/villaclementina.mx\/index.php\/home\/img-20200629-wa0001\/'><img loading=\"lazy\" decoding=\"async\" width=\"150\" height=\"150\" src=\"https:\/\/villaclementina.mx\/wp-content\/uploads\/2020\/07\/IMG-20200629-WA0001-150x150.jpg\" class=\"attachment-thumbnail size-thumbnail\" alt=\"\" \/><\/a>\n\t\t\t<\/span><\/li><li class='gallery-item'><span class='gallery-icon landscape'>\n\t\t\t\t<a href='https:\/\/villaclementina.mx\/index.php\/home\/img-20200629-wa0002\/'><img loading=\"lazy\" decoding=\"async\" width=\"150\" height=\"150\" src=\"https:\/\/villaclementina.mx\/wp-content\/uploads\/2020\/07\/IMG-20200629-WA0002-150x150.jpg\" class=\"attachment-thumbnail size-thumbnail\" alt=\"\" srcset=\"https:\/\/villaclementina.mx\/wp-content\/uploads\/2020\/07\/IMG-20200629-WA0002-150x150.jpg 150w, https:\/\/villaclementina.mx\/wp-content\/uploads\/2020\/07\/elementor\/thumbs\/IMG-20200629-WA0002-osahr1bd30vlzoiypefmopfdq7pynq2v9lflicd95s.jpg 400w\" sizes=\"(max-width: 150px) 100vw, 150px\" \/><\/a>\n\t\t\t<\/span><\/li><\/ul>\n\t\t<\/div>\n\n\t<\/div>\n\t\n<h2 class=\"mphb-room-type-title entry-title\">\n\n<a class=\"mphb-room-type-title\" href=\"https:\/\/villaclementina.mx\/index.php\/accommodation\/casa-entera\/\">Casa entera<\/a>\n\n<\/h2>\n\n<p>Dispondr\u00e1s de toda la casa, la cual cuenta con 6 habitaciones apta para hospedar hasta 24 personas. Cada habiatacion cuenta con aire acondicionado, cocineta y ba\u00f1o completo, sinembargo tambi\u00e9n existe un area central para cocinar con parrilla para una deliciosa carne asada. Ba\u00f1os y vestidores centrales al lado de la alberca,\u00a0 bastantes areas verdes y [&hellip;]<\/p>\n\n\n<h3 class=\"mphb-room-type-details-title\">Details<\/h3><ul class=\"mphb-loop-room-type-attributes\">\n\n\n\t<li class=\"mphb-room-type-adults-capacity\"><span class=\"mphb-attribute-title mphb-adults-title\">Adults:<\/span><span class=\"mphb-attribute-value\">\n\t24\n\t<\/span><\/li>\n\t\n\n\n\t<li class=\"mphb-room-type-facilities\"><span class=\"mphb-attribute-title mphb-facilities-title\">Amenities:<\/span><span class=\"mphb-attribute-value\"> <span class=\"facility-agua-termal\"><a href=\"https:\/\/villaclementina.mx\/index.php\/accommodation-facility\/agua-termal\/\">Agua termal<\/a><\/span>, <span class=\"facility-aire-acondicionado\"><a href=\"https:\/\/villaclementina.mx\/index.php\/accommodation-facility\/aire-acondicionado\/\">Aire acondicionado<\/a><\/span>, <span class=\"facility-alberca\"><a href=\"https:\/\/villaclementina.mx\/index.php\/accommodation-facility\/alberca\/\">Alberca<\/a><\/span>, <span class=\"facility-asador\"><a href=\"https:\/\/villaclementina.mx\/index.php\/accommodation-facility\/asador\/\">Asador<\/a><\/span>, <span class=\"facility-cocina\"><a href=\"https:\/\/villaclementina.mx\/index.php\/accommodation-facility\/cocina\/\">Cocina<\/a><\/span>, <span class=\"facility-estacionamiento\"><a href=\"https:\/\/villaclementina.mx\/index.php\/accommodation-facility\/estacionamiento\/\">Estacionamiento<\/a><\/span>, <span class=\"facility-juegos\"><a href=\"https:\/\/villaclementina.mx\/index.php\/accommodation-facility\/juegos\/\">Juegos<\/a><\/span>, <span class=\"facility-plancha\"><a href=\"https:\/\/villaclementina.mx\/index.php\/accommodation-facility\/plancha\/\">Plancha<\/a><\/span>, <span class=\"facility-wifi\"><a href=\"https:\/\/villaclementina.mx\/index.php\/accommodation-facility\/wifi\/\">Wifi<\/a><\/span><\/span><\/li>\n\t\n\n\n\t<li class=\"mphb-room-type-view\"><span class=\"mphb-attribute-title mphb-view-title\">View:<\/span><span class=\"mphb-attribute-value\">\n\tVista al lago de Chapala\n\t<\/span><\/li>\n\t\n\n\n\n\n\n<\/ul>\n\n<p class=\"mphb-view-details-button-wrapper\">\n<a class=\"button mphb-view-details-button\" href=\"https:\/\/villaclementina.mx\/index.php\/accommodation\/casa-entera\/\" >View Details<\/a>\n<\/p>\n<div class=\"mphb-to-book-btn-wrapper\">\n<form action=\"https:\/\/villaclementina.mx\/index.php\/accommodation\/casa-entera\/#booking-form-622\" method=\"get\" ><button type=\"submit\" class=\"button mphb-book-button\" >Book<\/button><\/form>\n<br\/><\/div>\n\t\n<\/div>\n<\/div>\n","protected":false},"excerpt":{"rendered":"","protected":false},"author":1,"featured_media":0,"parent":0,"menu_order":0,"comment_status":"closed","ping_status":"closed","template":"","meta":{"_uag_custom_page_level_css":"","site-sidebar-layout":"default","site-content-layout":"","ast-site-content-layout":"","site-content-style":"default","site-sidebar-style":"default","ast-global-header-display":"","ast-banner-title-visibility":"","ast-main-header-display":"","ast-hfb-above-header-display":"","ast-hfb-below-header-display":"","ast-hfb-mobile-header-display":"","site-post-title":"","ast-breadcrumbs-content":"","ast-featured-img":"","footer-sml-layout":"","theme-transparent-header-meta":"","adv-header-id-meta":"","stick-header-meta":"","header-above-stick-meta":"","header-main-stick-meta":"","header-below-stick-meta":"","astra-migrate-meta-layouts":"default","ast-page-background-enabled":"default","ast-page-background-meta":{"desktop":{"background-color":"var(--ast-global-color-4)","background-image":"","background-repeat":"repeat","background-position":"center center","background-size":"auto","background-attachment":"scroll","background-type":"","background-media":"","overlay-type":"","overlay-color":"","overlay-gradient":""},"tablet":{"background-color":"","background-image":"","background-repeat":"repeat","background-position":"center center","background-size":"auto","background-attachment":"scroll","background-type":"","background-media":"","overlay-type":"","overlay-color":"","overlay-gradient":""},"mobile":{"background-color":"","background-image":"","background-repeat":"repeat","background-position":"center center","background-size":"auto","background-attachment":"scroll","background-type":"","background-media":"","overlay-type":"","overlay-color":"","overlay-gradient":""}},"ast-content-background-meta":{"desktop":{"background-color":"var(--ast-global-color-5)","background-image":"","background-repeat":"repeat","background-position":"center center","background-size":"auto","background-attachment":"scroll","background-type":"","background-media":"","overlay-type":"","overlay-color":"","overlay-gradient":""},"tablet":{"background-color":"var(--ast-global-color-5)","background-image":"","background-repeat":"repeat","background-position":"center center","background-size":"auto","background-attachment":"scroll","background-type":"","background-media":"","overlay-type":"","overlay-color":"","overlay-gradient":""},"mobile":{"background-color":"var(--ast-global-color-5)","background-image":"","background-repeat":"repeat","background-position":"center center","background-size":"auto","background-attachment":"scroll","background-type":"","background-media":"","overlay-type":"","overlay-color":"","overlay-gradient":""}},"footnotes":""},"uagb_featured_image_src":{"full":false,"thumbnail":false,"medium":false,"medium_large":false,"large":false,"1536x1536":false,"2048x2048":false},"uagb_author_info":{"display_name":"greatrade.gdl@gmail.com","author_link":"https:\/\/villaclementina.mx\/index.php\/author\/greatrade-gdlgmail-com\/"},"uagb_comment_info":0,"uagb_excerpt":null,"_links":{"self":[{"href":"https:\/\/villaclementina.mx\/index.php\/wp-json\/wp\/v2\/pages\/614"}],"collection":[{"href":"https:\/\/villaclementina.mx\/index.php\/wp-json\/wp\/v2\/pages"}],"about":[{"href":"https:\/\/villaclementina.mx\/index.php\/wp-json\/wp\/v2\/types\/page"}],"author":[{"embeddable":true,"href":"https:\/\/villaclementina.mx\/index.php\/wp-json\/wp\/v2\/users\/1"}],"replies":[{"embeddable":true,"href":"https:\/\/villaclementina.mx\/index.php\/wp-json\/wp\/v2\/comments?post=614"}],"version-history":[{"count":0,"href":"https:\/\/villaclementina.mx\/index.php\/wp-json\/wp\/v2\/pages\/614\/revisions"}],"wp:attachment":[{"href":"https:\/\/villaclementina.mx\/index.php\/wp-json\/wp\/v2\/media?parent=614"}],"curies":[{"name":"wp","href":"https:\/\/api.w.org\/{rel}","templated":true}]}}